{"id":3255,"date":"2021-06-27T20:15:27","date_gmt":"2021-06-27T18:15:27","guid":{"rendered":"http:\/\/galaxybaril.com\/?post_type=product&#038;p=3255"},"modified":"2026-02-18T12:39:47","modified_gmt":"2026-02-18T11:39:47","slug":"louis-vuitton","status":"publish","type":"product","link":"https:\/\/galaxybaril.com\/index.php\/produit\/louis-vuitton\/","title":{"rendered":"Baril D\u00e9coratif Logo Louis Vuitton"},"content":{"rendered":"<h3><strong>Pr\u00e9sentation du baril Louis Vuitton\u00a0<\/strong><\/h3>\n<hr \/>\n<p>Le baril Louis Vuitton est un incontournable des barils de luxe.<\/p>\n<p>Nous vous proposons le tonneau Louis Vuitton en 2 couleurs qui repr\u00e9sentent en tout point le visuel de la marque de luxe :Noir ou Blanc.<\/p>\n<p>Libre \u00e0 vous de choisir la couleur qui vous convient le mieux afin de sublimer l&rsquo;espace (int\u00e9rieur comme ext\u00e9rieur) dans lequel votre baril sera situ\u00e9.<\/p>\n<p><strong style=\"font-size: 1.5em;\">Bidon Louis Vuitton<\/strong><strong style=\"font-size: 1.5em;\">\u00a0: Dimensions\u00a0<\/strong><\/p>\n<hr \/>\n<p>Afin de satisfaire votre besoin au maximum, le bidon Louis Vuitton vous est propos\u00e9 sous deux tailles diff\u00e9rentes :<\/p>\n<ul>\n<li>Baril 220l <strong>: 90 cm<\/strong> (hauteur) x <strong>60 cm<\/strong> (largeur)<\/li>\n<li>Baril 60l <strong>: 60 cm<\/strong>\u00a0(hauteur) x <strong>40 cm<\/strong> (largeur)<\/li>\n<\/ul>\n<p>L&rsquo;avantage est de pouvoir associer une taille de baril \u00e0 une utilisation comme par exemple un baril de 60l pourra faire office de table de chevet et un baril de 220l de mange debout.<\/p>\n<p><strong style=\"font-size: 1.5em;\">Tonneau Louis Vuitton<\/strong><strong style=\"font-size: 1.5em;\">\u00a0: Aspect\u00a0\u00a0<\/strong><\/p>\n<hr \/>\n<p>Vous avez la possibilit\u00e9 de d\u00e9finir l&rsquo;aspect de votre futur baril.<\/p>\n<p>C&rsquo;est \u00e0 dire de choisir entre un bidon qui sera soit totalement <strong>lisse\u00a0<\/strong>ou alors un bidon qui sera <strong>caboss\u00e9 <\/strong>(des coups seront appliqu\u00e9s au bidon pour lui donner un aspect d\u00e9form\u00e9).<\/p>\n<p><strong style=\"font-size: 1.5em;\">Baril Louis Vuitton<\/strong><strong style=\"font-size: 1.5em;\">\u00a0: Dur\u00e9e de vie<\/strong><\/p>\n<hr \/>\n<p><strong style=\"font-size: 1.5em;\">\u00a0<\/strong>Afin d&rsquo;assurer une longue dur\u00e9e de vie du baril nous utilisons :<\/p>\n<ul>\n<li>Une peinture solvant\u00e9 sp\u00e9cialement con\u00e7ue pour l&rsquo;automobile.<\/li>\n<li>Du vinyl de haute qualit\u00e9 con\u00e7u pour le marquage automobile.<\/li>\n<li>Un vernis solvant\u00e9 haute performance sp\u00e9cial automobile.<\/li>\n<\/ul>\n<p>Votre baril sera <strong>ultra resistant<\/strong> et <strong>robuste<\/strong>. Il pourra \u00eatre utilis\u00e9 en <strong>int\u00e9rieur<\/strong> et \u00e9galement en <strong>ext\u00e9rieur<\/strong> gr\u00e2ce \u00e0 aux produits utilis\u00e9s lors de la conception qui assurent une r\u00e9sistance \u00e0 l&rsquo;humidit\u00e9 et aux intemp\u00e9ries.<\/p>\n<p>Dur\u00e9e de vie <strong>GARANTIE<\/strong> !<\/p>\n","protected":false},"excerpt":{"rendered":"<p>Taille au choix entre\u00a0<strong>90x60cm<\/strong>\u00a0ou\u00a0<strong>60x40cm.<\/strong><br \/>\nLivraison\u00a0<strong>Express<\/strong>\u00a0<img decoding=\"async\" class=\"alignnone wp-image-5256 \" src=\"https:\/\/galaxybaril.com\/wp-content\/uploads\/2021\/03\/pngegg-300x173.png\" alt=\"\" width=\"34\" height=\"20\" \/>\u00a0entre 3 et 15j<br \/>\n<strong>P<\/strong><strong>aiement S\u00e9curis\u00e9<\/strong>.\u00a0<img decoding=\"async\" class=\"wp-image-5250 alignnone\" src=\"https:\/\/galaxybaril.com\/wp-content\/uploads\/2021\/03\/Paiement-stripe.png\" alt=\"\" width=\"75\" height=\"28\" srcset=\"https:\/\/galaxybaril.com\/wp-content\/uploads\/2021\/03\/Paiement-stripe.png 500w, https:\/\/galaxybaril.com\/wp-content\/uploads\/2021\/03\/Paiement-stripe-300x112.png 300w, https:\/\/galaxybaril.com\/wp-content\/uploads\/2021\/03\/Paiement-stripe-400x150.png 400w, https:\/\/galaxybaril.com\/wp-content\/uploads\/2021\/03\/Paiement-stripe-150x56.png 150w\" sizes=\"(max-width: 75px) 100vw, 75px\" \/><\/p>\n","protected":false},"featured_media":5818,"comment_status":"open","ping_status":"closed","template":"","meta":{"_monsterinsights_skip_tracking":false,"_monsterinsights_sitenote_active":false,"_monsterinsights_sitenote_note":"","_monsterinsights_sitenote_category":0,"site-sidebar-layout":"default","site-content-layout":"default","ast-global-header-display":"","ast-main-header-display":"","ast-hfb-above-header-display":"","ast-hfb-below-header-display":"","ast-hfb-mobile-header-display":"","site-post-title":"","ast-breadcrumbs-content":"","ast-featured-img":"","footer-sml-layout":"","theme-transparent-header-meta":"default","adv-header-id-meta":"","stick-header-meta":"","header-above-stick-meta":"","header-main-stick-meta":"","header-below-stick-meta":""},"product_brand":[],"product_cat":[50,20],"product_tag":[],"class_list":{"0":"post-3255","1":"product","2":"type-product","3":"status-publish","4":"has-post-thumbnail","6":"product_cat-baril","7":"product_cat-standard","8":"desktop-align-center","9":"tablet-align-left","10":"mobile-align-left","11":"fpd-variation-needed","13":"first","14":"instock","15":"taxable","16":"shipping-taxable","17":"purchasable","18":"product-type-variable","19":"has-default-attributes"},"aioseo_notices":[],"_links":{"self":[{"href":"https:\/\/galaxybaril.com\/index.php\/wp-json\/wp\/v2\/product\/3255","targetHints":{"allow":["GET"]}}],"collection":[{"href":"https:\/\/galaxybaril.com\/index.php\/wp-json\/wp\/v2\/product"}],"about":[{"href":"https:\/\/galaxybaril.com\/index.php\/wp-json\/wp\/v2\/types\/product"}],"replies":[{"embeddable":true,"href":"https:\/\/galaxybaril.com\/index.php\/wp-json\/wp\/v2\/comments?post=3255"}],"version-history":[{"count":9,"href":"https:\/\/galaxybaril.com\/index.php\/wp-json\/wp\/v2\/product\/3255\/revisions"}],"predecessor-version":[{"id":6384,"href":"https:\/\/galaxybaril.com\/index.php\/wp-json\/wp\/v2\/product\/3255\/revisions\/6384"}],"wp:featuredmedia":[{"embeddable":true,"href":"https:\/\/galaxybaril.com\/index.php\/wp-json\/wp\/v2\/media\/5818"}],"wp:attachment":[{"href":"https:\/\/galaxybaril.com\/index.php\/wp-json\/wp\/v2\/media?parent=3255"}],"wp:term":[{"taxonomy":"product_brand","embeddable":true,"href":"https:\/\/galaxybaril.com\/index.php\/wp-json\/wp\/v2\/product_brand?post=3255"},{"taxonomy":"product_cat","embeddable":true,"href":"https:\/\/galaxybaril.com\/index.php\/wp-json\/wp\/v2\/product_cat?post=3255"},{"taxonomy":"product_tag","embeddable":true,"href":"https:\/\/galaxybaril.com\/index.php\/wp-json\/wp\/v2\/product_tag?post=3255"}],"curies":[{"name":"wp","href":"https:\/\/api.w.org\/{rel}","templated":true}]}}