{"id":3406,"date":"2021-07-02T10:40:14","date_gmt":"2021-07-02T08:40:14","guid":{"rendered":"http:\/\/galaxybaril.com\/?post_type=product&#038;p=3406"},"modified":"2026-02-26T22:40:01","modified_gmt":"2026-02-26T21:40:01","slug":"cosmos-bar-automatise-cuir-gris","status":"publish","type":"product","link":"https:\/\/galaxybaril.com\/index.php\/produit\/cosmos-bar-automatise-cuir-gris\/","title":{"rendered":"Cosmos bar automatis\u00e9 cuir ou peinture!"},"content":{"rendered":"<div dir=\"auto\">Baril Cosmos Bar Personnalis\u00e9 : L&rsquo;innovation s&rsquo;invite chez vous<\/div>\n<div dir=\"auto\">Que vous soyez un professionnel de l&rsquo;\u00e9v\u00e9nementiel ou un particulier passionn\u00e9 de design, le Baril Cosmos red\u00e9finit l&rsquo;art de recevoir. Plus qu&rsquo;un meuble, c&rsquo;est une pi\u00e8ce technologique qui transforme votre int\u00e9rieur en un espace d&rsquo;exception.<\/div>\n<div dir=\"auto\">Pourquoi vous allez l&rsquo;adorer :<\/div>\n<div dir=\"auto\">\u00a0* Le clou du spectacle : Impressionnez vos invit\u00e9s lors de vos soir\u00e9es priv\u00e9es. D&rsquo;une simple pression sur la t\u00e9l\u00e9commande, le plateau s&rsquo;\u00e9l\u00e8ve pour d\u00e9voiler votre cave personnelle ou vos objets de collection.<\/div>\n<div dir=\"auto\">\u00a0* Z\u00e9ro contrainte, 100% esth\u00e9tique : Gr\u00e2ce \u00e0 sa batterie interne, oubliez les c\u00e2bles disgracieux qui tra\u00eenent dans votre salon ou sur votre terrasse. Placez votre Cosmos o\u00f9 bon vous semble.<\/div>\n<div dir=\"auto\">\u00a0* Un objet qui vous ressemble : Personnalisez-le avec vos couleurs pr\u00e9f\u00e9r\u00e9es, le logo de votre marque automobile f\u00e9tiche ou une cr\u00e9ation graphique unique pour qu&rsquo;il s&rsquo;int\u00e8gre parfaitement \u00e0 votre d\u00e9coration.<\/div>\n<div dir=\"auto\">\u00a0* L&rsquo;Upcycling de prestige : Offrez-vous un mobilier durable et audacieux, issu du r\u00e9emploi et sublim\u00e9 par un savoir-faire artisanal fran\u00e7ais.<\/div>\n<div dir=\"auto\">Professionnel ou collectionneur, faites d\u00e9coller votre d\u00e9coration avec l&rsquo;exp\u00e9rience Cosmos.<\/div>\n","protected":false},"excerpt":{"rendered":"<p>Un bar au design <strong>moderne<\/strong>, <strong>luxueux<\/strong> et <strong>automatis\u00e9<\/strong> dans lequel bouteilles et verres disparaitront en un <strong>clic<\/strong>.<\/p>\n<p>Produit enti\u00e8rement personnalisable! Nos \u00e9quipes vous contacteront<\/p>\n<div dir=\"auto\">C\u00f4t\u00e9 Pro : \u00ab\u00a0Boostez votre visibilit\u00e9 et marquez les esprits en salon.\u00a0\u00bb<\/div>\n<div dir=\"auto\">C\u00f4t\u00e9 Maison : \u00ab\u00a0Cr\u00e9ez un coin bar futuriste et unique dans votre salon ou &lsquo;Man Cave&rsquo;.\u00a0\u00bb<\/div>\n<div dir=\"auto\"><\/div>\n<hr \/>\n<p>Taille du Cosmos Bar : Ouvert 155&#215;67<strong>0cm, <\/strong>Ferm\u00e9 <strong>110x70cm.<\/strong><br \/>\nLivraison <strong>Offerte!<\/strong>\u00a0<img decoding=\"async\" class=\"alignnone wp-image-5256 \" style=\"font-weight: inherit;\" src=\"https:\/\/galaxybaril.com\/wp-content\/uploads\/2021\/03\/pngegg-300x173.png\" alt=\"\" width=\"34\" height=\"20\" \/> <span style=\"font-size: 16px;\">entre 2 et 4 semaines.\u00a0<\/span><br \/>\n<strong style=\"font-size: 16px;\">P<\/strong><strong style=\"font-size: 16px;\">aiement S\u00e9curis\u00e9<\/strong><span style=\"font-size: 16px;\">. <\/span><img decoding=\"async\" class=\"wp-image-5250 alignnone\" style=\"font-style: inherit; font-weight: inherit;\" src=\"https:\/\/galaxybaril.com\/wp-content\/uploads\/2021\/03\/Paiement-stripe.png\" alt=\"\" width=\"75\" height=\"28\" srcset=\"https:\/\/galaxybaril.com\/wp-content\/uploads\/2021\/03\/Paiement-stripe.png 500w, https:\/\/galaxybaril.com\/wp-content\/uploads\/2021\/03\/Paiement-stripe-300x112.png 300w, https:\/\/galaxybaril.com\/wp-content\/uploads\/2021\/03\/Paiement-stripe-400x150.png 400w, https:\/\/galaxybaril.com\/wp-content\/uploads\/2021\/03\/Paiement-stripe-150x56.png 150w\" sizes=\"(max-width: 75px) 100vw, 75px\" \/><\/p>\n<p>&nbsp;<\/p>\n","protected":false},"featured_media":6742,"comment_status":"open","ping_status":"closed","template":"","meta":{"_monsterinsights_skip_tracking":false,"_monsterinsights_sitenote_active":false,"_monsterinsights_sitenote_note":"","_monsterinsights_sitenote_category":0,"site-sidebar-layout":"default","site-content-layout":"default","ast-global-header-display":"","ast-main-header-display":"","ast-hfb-above-header-display":"","ast-hfb-below-header-display":"","ast-hfb-mobile-header-display":"","site-post-title":"","ast-breadcrumbs-content":"","ast-featured-img":"","footer-sml-layout":"","theme-transparent-header-meta":"default","adv-header-id-meta":"","stick-header-meta":"","header-above-stick-meta":"","header-main-stick-meta":"","header-below-stick-meta":""},"product_brand":[],"product_cat":[49,22],"product_tag":[],"class_list":{"0":"post-3406","1":"product","2":"type-product","3":"status-publish","4":"has-post-thumbnail","6":"product_cat-bar","7":"product_cat-cosmos-bar","8":"product_shipping_class-l_220","9":"desktop-align-center","10":"tablet-align-left","11":"mobile-align-left","12":"fpd-variation-needed","14":"first","15":"instock","16":"taxable","17":"shipping-taxable","18":"purchasable","19":"product-type-simple"},"aioseo_notices":[],"_links":{"self":[{"href":"https:\/\/galaxybaril.com\/index.php\/wp-json\/wp\/v2\/product\/3406","targetHints":{"allow":["GET"]}}],"collection":[{"href":"https:\/\/galaxybaril.com\/index.php\/wp-json\/wp\/v2\/product"}],"about":[{"href":"https:\/\/galaxybaril.com\/index.php\/wp-json\/wp\/v2\/types\/product"}],"replies":[{"embeddable":true,"href":"https:\/\/galaxybaril.com\/index.php\/wp-json\/wp\/v2\/comments?post=3406"}],"version-history":[{"count":12,"href":"https:\/\/galaxybaril.com\/index.php\/wp-json\/wp\/v2\/product\/3406\/revisions"}],"predecessor-version":[{"id":8756,"href":"https:\/\/galaxybaril.com\/index.php\/wp-json\/wp\/v2\/product\/3406\/revisions\/8756"}],"wp:featuredmedia":[{"embeddable":true,"href":"https:\/\/galaxybaril.com\/index.php\/wp-json\/wp\/v2\/media\/6742"}],"wp:attachment":[{"href":"https:\/\/galaxybaril.com\/index.php\/wp-json\/wp\/v2\/media?parent=3406"}],"wp:term":[{"taxonomy":"product_brand","embeddable":true,"href":"https:\/\/galaxybaril.com\/index.php\/wp-json\/wp\/v2\/product_brand?post=3406"},{"taxonomy":"product_cat","embeddable":true,"href":"https:\/\/galaxybaril.com\/index.php\/wp-json\/wp\/v2\/product_cat?post=3406"},{"taxonomy":"product_tag","embeddable":true,"href":"https:\/\/galaxybaril.com\/index.php\/wp-json\/wp\/v2\/product_tag?post=3406"}],"curies":[{"name":"wp","href":"https:\/\/api.w.org\/{rel}","templated":true}]}}