{"id":3645,"date":"2021-11-12T10:43:04","date_gmt":"2021-11-12T09:43:04","guid":{"rendered":"https:\/\/galaxybaril.com\/?post_type=product&#038;p=3645"},"modified":"2026-02-18T10:46:53","modified_gmt":"2026-02-18T09:46:53","slug":"baril-ruinart-blanc-brillant","status":"publish","type":"product","link":"https:\/\/galaxybaril.com\/index.php\/produit\/baril-ruinart-blanc-brillant\/","title":{"rendered":"Baril D\u00e9coratif Logo Ruinart"},"content":{"rendered":"<h3><strong>Pr\u00e9sentation du baril Ruinart\u00a0<\/strong><\/h3>\n<hr \/>\n<p><img decoding=\"async\" class=\"wp-image-6269 alignleft\" src=\"https:\/\/galaxybaril.com\/wp-content\/uploads\/2022\/03\/ruinart-1-206x300.jpeg\" alt=\"\" width=\"93\" height=\"136\" srcset=\"https:\/\/galaxybaril.com\/wp-content\/uploads\/2022\/03\/ruinart-1-206x300.jpeg 206w, https:\/\/galaxybaril.com\/wp-content\/uploads\/2022\/03\/ruinart-1-300x438.jpeg 300w, https:\/\/galaxybaril.com\/wp-content\/uploads\/2022\/03\/ruinart-1-400x583.jpeg 400w, https:\/\/galaxybaril.com\/wp-content\/uploads\/2022\/03\/ruinart-1-103x150.jpeg 103w, https:\/\/galaxybaril.com\/wp-content\/uploads\/2022\/03\/ruinart-1-500x729.jpeg 500w, https:\/\/galaxybaril.com\/wp-content\/uploads\/2022\/03\/ruinart-1.jpeg 687w\" sizes=\"(max-width: 93px) 100vw, 93px\" \/><\/p>\n<p>Nous vous proposons le tonneau Ruinart au coloris qui repr\u00e9sente en tout point le visuel de la marque de ce champagne prestigieux.<\/p>\n<p>Libre \u00e0 vous de choisir la couleur qui vous convient le mieux afin de sublimer l&rsquo;espace (int\u00e9rieur comme ext\u00e9rieur) dans lequel votre baril sera situ\u00e9.<\/p>\n<p>&nbsp;<\/p>\n<p>&nbsp;<\/p>\n<p><strong style=\"font-size: 1.5em;\">Bidon Ruinart<\/strong><strong style=\"font-size: 1.5em;\">\u00a0: Dimensions\u00a0<\/strong><\/p>\n<hr \/>\n<p>Afin de satisfaire votre besoin au maximum, le bidon Ruinart vous est propos\u00e9 sous deux tailles diff\u00e9rentes :<\/p>\n<ul>\n<li>Baril 220l <strong>: 90 cm<\/strong> (hauteur) x <strong>60 cm<\/strong> (largeur)<\/li>\n<li>Baril 60l <strong>: 60 cm<\/strong>\u00a0(hauteur) x <strong>40 cm<\/strong> (largeur)<\/li>\n<\/ul>\n<p>L&rsquo;avantage est de pouvoir associer une taille de baril \u00e0 une utilisation comme par exemple un baril de 60l pourra faire office de table de chevet et un baril de 220l de mange debout.<\/p>\n<p><strong style=\"font-size: 1.5em;\">Tonneau Ruinart<\/strong><strong style=\"font-size: 1.5em;\">\u00a0: Aspect\u00a0\u00a0<\/strong><\/p>\n<hr \/>\n<p>Vous avez la possibilit\u00e9 de d\u00e9finir l&rsquo;aspect de votre futur baril de d\u00e9coration.<\/p>\n<p>C&rsquo;est \u00e0 dire de choisir entre un bidon qui sera soit totalement <strong>lisse\u00a0<\/strong>ou alors un bidon qui sera <strong>caboss\u00e9 <\/strong>(des coups seront appliqu\u00e9s au bidon pour lui donner un aspect d\u00e9form\u00e9).<\/p>\n<p><strong style=\"font-size: 1.5em;\">Baril Ruinart<\/strong><strong style=\"font-size: 1.5em;\">\u00a0: Dur\u00e9e de vie<\/strong><\/p>\n<hr \/>\n<p><strong style=\"font-size: 1.5em;\">\u00a0<\/strong>Afin d&rsquo;assurer une longue dur\u00e9e de vie du baril nous utilisons :<\/p>\n<ul>\n<li>Une peinture haut de gamme sp\u00e9cialement con\u00e7ue pour l&rsquo;automobile.<\/li>\n<li>Du vinyl de haute qualit\u00e9 con\u00e7u pour le marquage automobile.<\/li>\n<li>Un vernis haute performance sp\u00e9cial automobile.<\/li>\n<\/ul>\n<p>Votre baril sera <strong>ultra resistant<\/strong> et <strong>robuste<\/strong>. Il pourra \u00eatre utilis\u00e9 en <strong>int\u00e9rieur<\/strong> et \u00e9galement en <strong>ext\u00e9rieur<\/strong> gr\u00e2ce \u00e0 aux produits utilis\u00e9s lors de la conception qui assurent une r\u00e9sistance \u00e0 l&rsquo;humidit\u00e9 et aux intemp\u00e9ries.<\/p>\n<p>Dur\u00e9e de vie <strong>GARANTIE<\/strong> !<\/p>\n","protected":false},"excerpt":{"rendered":"<hr \/>\n<p>Taille au choix entre <strong>90x60cm<\/strong> ou <strong>60x40cm.<\/strong><br \/>\nLivraison <strong>Offerte<\/strong>\u00a0<img decoding=\"async\" class=\"alignnone wp-image-5256 \" style=\"font-weight: inherit;\" src=\"https:\/\/galaxybaril.com\/wp-content\/uploads\/2021\/03\/pngegg-300x173.png\" alt=\"\" width=\"34\" height=\"20\" \/> <span style=\"font-size: 16px;\">entre 3 et 15j\u00a0<\/span><br \/>\n<strong style=\"font-size: 16px;\">P<\/strong><strong style=\"font-size: 16px;\">aiement S\u00e9curis\u00e9<\/strong><span style=\"font-size: 16px;\">. <\/span><img decoding=\"async\" class=\"wp-image-5250 alignnone\" style=\"font-style: inherit; font-weight: inherit;\" src=\"https:\/\/galaxybaril.com\/wp-content\/uploads\/2021\/03\/Paiement-stripe.png\" alt=\"\" width=\"75\" height=\"28\" srcset=\"https:\/\/galaxybaril.com\/wp-content\/uploads\/2021\/03\/Paiement-stripe.png 500w, https:\/\/galaxybaril.com\/wp-content\/uploads\/2021\/03\/Paiement-stripe-300x112.png 300w, https:\/\/galaxybaril.com\/wp-content\/uploads\/2021\/03\/Paiement-stripe-400x150.png 400w, https:\/\/galaxybaril.com\/wp-content\/uploads\/2021\/03\/Paiement-stripe-150x56.png 150w\" sizes=\"(max-width: 75px) 100vw, 75px\" \/><\/p>\n","protected":false},"featured_media":6342,"comment_status":"open","ping_status":"closed","template":"","meta":{"_monsterinsights_skip_tracking":false,"_monsterinsights_sitenote_active":false,"_monsterinsights_sitenote_note":"","_monsterinsights_sitenote_category":0,"site-sidebar-layout":"default","site-content-layout":"default","ast-global-header-display":"","ast-main-header-display":"","ast-hfb-above-header-display":"","ast-hfb-below-header-display":"","ast-hfb-mobile-header-display":"","site-post-title":"","ast-breadcrumbs-content":"","ast-featured-img":"","footer-sml-layout":"","theme-transparent-header-meta":"default","adv-header-id-meta":"","stick-header-meta":"","header-above-stick-meta":"","header-main-stick-meta":"","header-below-stick-meta":""},"product_brand":[],"product_cat":[50,20],"product_tag":[],"class_list":{"0":"post-3645","1":"product","2":"type-product","3":"status-publish","4":"has-post-thumbnail","6":"product_cat-baril","7":"product_cat-standard","8":"desktop-align-center","9":"tablet-align-left","10":"mobile-align-left","11":"fpd-variation-needed","13":"first","14":"instock","15":"taxable","16":"shipping-taxable","17":"purchasable","18":"product-type-variable","19":"has-default-attributes"},"aioseo_notices":[],"_links":{"self":[{"href":"https:\/\/galaxybaril.com\/index.php\/wp-json\/wp\/v2\/product\/3645","targetHints":{"allow":["GET"]}}],"collection":[{"href":"https:\/\/galaxybaril.com\/index.php\/wp-json\/wp\/v2\/product"}],"about":[{"href":"https:\/\/galaxybaril.com\/index.php\/wp-json\/wp\/v2\/types\/product"}],"replies":[{"embeddable":true,"href":"https:\/\/galaxybaril.com\/index.php\/wp-json\/wp\/v2\/comments?post=3645"}],"version-history":[{"count":10,"href":"https:\/\/galaxybaril.com\/index.php\/wp-json\/wp\/v2\/product\/3645\/revisions"}],"predecessor-version":[{"id":6688,"href":"https:\/\/galaxybaril.com\/index.php\/wp-json\/wp\/v2\/product\/3645\/revisions\/6688"}],"wp:featuredmedia":[{"embeddable":true,"href":"https:\/\/galaxybaril.com\/index.php\/wp-json\/wp\/v2\/media\/6342"}],"wp:attachment":[{"href":"https:\/\/galaxybaril.com\/index.php\/wp-json\/wp\/v2\/media?parent=3645"}],"wp:term":[{"taxonomy":"product_brand","embeddable":true,"href":"https:\/\/galaxybaril.com\/index.php\/wp-json\/wp\/v2\/product_brand?post=3645"},{"taxonomy":"product_cat","embeddable":true,"href":"https:\/\/galaxybaril.com\/index.php\/wp-json\/wp\/v2\/product_cat?post=3645"},{"taxonomy":"product_tag","embeddable":true,"href":"https:\/\/galaxybaril.com\/index.php\/wp-json\/wp\/v2\/product_tag?post=3645"}],"curies":[{"name":"wp","href":"https:\/\/api.w.org\/{rel}","templated":true}]}}