{"id":7500,"date":"2026-02-03T18:26:06","date_gmt":"2026-02-03T17:26:06","guid":{"rendered":"https:\/\/galaxybaril.com\/?post_type=product&#038;p=7500"},"modified":"2026-03-26T16:27:18","modified_gmt":"2026-03-26T15:27:18","slug":"collect","status":"publish","type":"product","link":"https:\/\/galaxybaril.com\/index.php\/produit\/collect\/","title":{"rendered":"COLLECT &#8211; Baril  Poubelle Tri S\u00e9lectif | collecteur de balles  Personnalis\u00e9"},"content":{"rendered":"<p><strong>Le baril de tri s\u00e9lectif ou collecteur de balles est une solution pratique, robuste et esth\u00e9tique pour faciliter la collecte rapide des balles usag\u00e9es de tennis et de padel. Gr\u00e2ce \u00e0 ses ouvertures renforc\u00e9es, il permet d\u2019ins\u00e9rer les balles , bouteilles, d\u00e9chets facilement.. (Poign\u00e9es et couvercle amovible).<\/strong><\/p>\n<p>Pens\u00e9 pour les clubs et infrastructures sportives engag\u00e9s dans une d\u00e9marche responsable, ce baril de tri s\u00e9lectif ou collecteur de balles usag\u00e9es Tennis \/ Padel allie fonctionnalit\u00e9, robustesse et visibilit\u00e9. Fabriqu\u00e9 \u00e0 partir d\u2019un baril m\u00e9tallique haute r\u00e9sistance, il permet de collecter facilement les balles usag\u00e9es en fin de vie, tout en structurant une d\u00e9marche de recyclage et de valorisation au sein de votre structure. Son format g\u00e9n\u00e9reux offre une grande capacit\u00e9 de stockage, id\u00e9ale pour un usage intensif en club ou lors de comp\u00e9titions. Son design soign\u00e9 et personnalisable en fait \u00e9galement un support de communication efficace, parfaitement int\u00e9gr\u00e9 dans un environnement sportif : accueil du club, abords des terrains, zones de passage&#8230;<\/p>\n<p>Points forts :<\/p>\n<p>\u2714 <strong>Collecte simple et efficace des d\u00e9chets et balles Tennis &amp; Padel<\/strong><\/p>\n<p>\u2714 <strong>Diff\u00e9rentes capacit\u00e9s adapt\u00e9es aux clubs et \u00e9v\u00e9nements (60l,120l, 220l)<\/strong><\/p>\n<p>\u2714 <strong>Structure m\u00e9tallique robuste et durable<\/strong><\/p>\n<p>\u2714 <strong>Design visible et valorisant pour votre engagement \u00e9coresponsable<\/strong><\/p>\n<p>\u2714<strong> Personnalisation totale (couleurs, logo, partenaires)<\/strong><\/p>\n<p>Ce collecteur est bien plus qu\u2019un simple contenant : c\u2019est un outil concret pour sensibiliser les joueurs, am\u00e9liorer la gestion des d\u00e9chets et des balles usag\u00e9es , renforcer l\u2019image responsable et professionnelle de votre club. Robuste, durable et enti\u00e8rement personnalisable, il devient un support visuel id\u00e9al pour votre enceinte sportives<\/p>\n","protected":false},"excerpt":{"rendered":"<p><strong>Baril de tri S\u00e9lectif &amp; Collecteur de Balles usag\u00e9es &#8211;\u00a0 enti\u00e8rement Personnalisable :<\/strong><\/p>\n<ul>\n<li><strong>votre couleur au choix (RAL sp\u00e9cifique)<\/strong><\/li>\n<li><strong>Nom et Logo de votre club<\/strong><\/li>\n<li><strong>Finition mat ou brillant<\/strong><\/li>\n<li>60l, 120l, 220l<\/li>\n<\/ul>\n<p><strong>Con\u00e7u, fabriqu\u00e9 et assembl\u00e9 en France !<\/strong><\/p>\n<p><img decoding=\"async\" class=\"an1\" draggable=\"false\" src=\"https:\/\/fonts.gstatic.com\/s\/e\/notoemoji\/16.0\/1f69a\/32.png\" alt=\"\ud83d\ude9a\" data-emoji=\"\ud83d\ude9a\" aria-label=\"\ud83d\ude9a\" \/> Livraison S\u00e9curis\u00e9e <strong>100% offerte<\/strong> France m\u00e9tropolitaine !<\/p>\n<div dir=\"auto\"><img decoding=\"async\" class=\"an1\" draggable=\"false\" src=\"https:\/\/fonts.gstatic.com\/s\/e\/notoemoji\/16.0\/1f3be\/32.png\" alt=\"\ud83c\udfbe\" data-emoji=\"\ud83c\udfbe\" aria-label=\"\ud83c\udfbe\" \/><img decoding=\"async\" class=\"an1\" draggable=\"false\" src=\"https:\/\/fonts.gstatic.com\/s\/e\/notoemoji\/16.0\/2705\/32.png\" alt=\"\u2705\" data-emoji=\"\u2705\" aria-label=\"\u2705\" \/> *PROJET \u00c9LIGIBLE SUBVENTION AADEV <strong>-50%<\/strong> !<\/div>\n<p>&nbsp;<\/p>\n","protected":false},"featured_media":7405,"comment_status":"open","ping_status":"closed","template":"","meta":{"_monsterinsights_skip_tracking":false,"_monsterinsights_sitenote_active":false,"_monsterinsights_sitenote_note":"","_monsterinsights_sitenote_category":0,"site-sidebar-layout":"default","site-content-layout":"default","ast-global-header-display":"","ast-main-header-display":"","ast-hfb-above-header-display":"","ast-hfb-below-header-display":"","ast-hfb-mobile-header-display":"","site-post-title":"","ast-breadcrumbs-content":"","ast-featured-img":"","footer-sml-layout":"","theme-transparent-header-meta":"default","adv-header-id-meta":"","stick-header-meta":"","header-above-stick-meta":"","header-main-stick-meta":"","header-below-stick-meta":""},"product_brand":[],"product_cat":[81,93],"product_tag":[],"class_list":{"0":"post-7500","1":"product","2":"type-product","3":"status-publish","4":"has-post-thumbnail","6":"product_cat-tennis","7":"product_cat-poubelle","8":"desktop-align-center","9":"tablet-align-left","10":"mobile-align-left","11":"fpd-variation-needed","13":"first","14":"instock","15":"sale","16":"taxable","17":"shipping-taxable","18":"purchasable","19":"product-type-variable"},"aioseo_notices":[],"_links":{"self":[{"href":"https:\/\/galaxybaril.com\/index.php\/wp-json\/wp\/v2\/product\/7500","targetHints":{"allow":["GET"]}}],"collection":[{"href":"https:\/\/galaxybaril.com\/index.php\/wp-json\/wp\/v2\/product"}],"about":[{"href":"https:\/\/galaxybaril.com\/index.php\/wp-json\/wp\/v2\/types\/product"}],"replies":[{"embeddable":true,"href":"https:\/\/galaxybaril.com\/index.php\/wp-json\/wp\/v2\/comments?post=7500"}],"version-history":[{"count":6,"href":"https:\/\/galaxybaril.com\/index.php\/wp-json\/wp\/v2\/product\/7500\/revisions"}],"predecessor-version":[{"id":7503,"href":"https:\/\/galaxybaril.com\/index.php\/wp-json\/wp\/v2\/product\/7500\/revisions\/7503"}],"wp:featuredmedia":[{"embeddable":true,"href":"https:\/\/galaxybaril.com\/index.php\/wp-json\/wp\/v2\/media\/7405"}],"wp:attachment":[{"href":"https:\/\/galaxybaril.com\/index.php\/wp-json\/wp\/v2\/media?parent=7500"}],"wp:term":[{"taxonomy":"product_brand","embeddable":true,"href":"https:\/\/galaxybaril.com\/index.php\/wp-json\/wp\/v2\/product_brand?post=7500"},{"taxonomy":"product_cat","embeddable":true,"href":"https:\/\/galaxybaril.com\/index.php\/wp-json\/wp\/v2\/product_cat?post=7500"},{"taxonomy":"product_tag","embeddable":true,"href":"https:\/\/galaxybaril.com\/index.php\/wp-json\/wp\/v2\/product_tag?post=7500"}],"curies":[{"name":"wp","href":"https:\/\/api.w.org\/{rel}","templated":true}]}}