{"id":7504,"date":"2026-02-03T18:38:00","date_gmt":"2026-02-03T17:38:00","guid":{"rendered":"https:\/\/galaxybaril.com\/?post_type=product&#038;p=7504"},"modified":"2026-02-25T18:33:11","modified_gmt":"2026-02-25T17:33:11","slug":"nova","status":"publish","type":"product","link":"https:\/\/galaxybaril.com\/index.php\/produit\/nova\/","title":{"rendered":"NOVA &#8211; Baril 60l poubelle d\u00e9chets personnalis\u00e9e"},"content":{"rendered":"<p><strong>NOVA est une poubelle design et fonctionnelle de 60 litres, pens\u00e9e pour les environnements exigeants o\u00f9 esth\u00e9tique, robustesse et personnalisation sont essentielles : clubs sportifs, collectivit\u00e9s, \u00e9v\u00e9nements, espaces d\u2019accueil et zones \u00e0 forte fr\u00e9quentation.<\/strong><\/p>\n<p>Con\u00e7ue \u00e0 partir d\u2019un baril m\u00e9tallique haute r\u00e9sistance, NOVA se distingue par son couvercle basculant Brabantia\u00ae, reconnu pour sa fiabilit\u00e9, son confort d\u2019utilisation et sa durabilit\u00e9. Son m\u00e9canisme fluide permet une utilisation hygi\u00e9nique et intuitive, tout en limitant la visibilit\u00e9 et les odeurs des d\u00e9chets.<\/p>\n<p>Enti\u00e8rement personnalisable, NOVA s\u2019adapte \u00e0 votre identit\u00e9 visuelle gr\u00e2ce \u00e0 : un choix de couleurs sur mesure, l\u2019int\u00e9gration de logos, textes ou visuels (collectivit\u00e9, club, marque, partenaire), une finition soign\u00e9e pour une parfaite int\u00e9gration dans l\u2019espace. Avec son format 60 L, NOVA offre une capacit\u00e9 id\u00e9ale pour un usage quotidien intensif, tout en conservant une empreinte au sol ma\u00eetris\u00e9e. Sa structure m\u00e9tallique assure une excellente stabilit\u00e9 et une longue dur\u00e9e de vie, m\u00eame en usage collectif.<\/p>\n<p><strong>Caract\u00e9ristiques principales<\/strong> :<\/p>\n<p>Capacit\u00e9 : <strong>60 litres (60cmx35cm &#8211; 6kg)<\/strong><\/p>\n<p>Structure : <strong>baril m\u00e9tallique robuste<\/strong><\/p>\n<p>Couvercle : <strong>basculant Brabantia\u00ae, durable et ergonomique<\/strong><\/p>\n<p>Personnalisation : <strong>logo(s) et couleurs au choix<\/strong><\/p>\n<p>Finition : <strong>verni automobile mat ou brillant<\/strong><\/p>\n<p>Usage : <strong>int\u00e9rieur \/ ext\u00e9rieur\u00a0<\/strong><\/p>\n<p>Entretien facile et grande r\u00e9sistance \u00e0 l\u2019usage intensif<\/p>\n<p>&nbsp;<\/p>\n<p>Les + NOVA :<\/p>\n<p>\u2714 <strong>Design personnalisable et valorisant<\/strong><\/p>\n<p>\u2714 <strong>Qualit\u00e9 premium du couvercle Brabantia\u00ae<\/strong><\/p>\n<p>\u2714 <strong>Solution durable pour espaces collectifs<\/strong><\/p>\n<p>\u2714 <strong>Support de communication discret et efficace<\/strong><\/p>\n<p>\u2714 <strong>Fabrication soign\u00e9e qualit\u00e9 automobile<\/strong>,<\/p>\n<p>Pens\u00e9 pour un usage professionnel NOVA transforme un \u00e9quipement du quotidien en un objet utile, esth\u00e9tique et porteur de votre image, tout en r\u00e9pondant aux exigences fonctionnelles des lieux recevant du public.<\/p>\n","protected":false},"excerpt":{"rendered":"<p><strong>Baril Poubelle d\u00e9chets 60l &#8211; enti\u00e8rement personnalisable :<\/strong><\/p>\n<ul>\n<li><strong>votre couleur au choix (RAL sp\u00e9cifique)<\/strong><\/li>\n<li><strong>Nom et Logo de votre club<\/strong><\/li>\n<li><strong>Finition mat ou brillant<\/strong><\/li>\n<\/ul>\n<p><strong>Con\u00e7u, fabriqu\u00e9 et assembl\u00e9 en France<\/strong><\/p>\n<p><img decoding=\"async\" class=\"an1\" draggable=\"false\" src=\"https:\/\/fonts.gstatic.com\/s\/e\/notoemoji\/16.0\/1f69a\/32.png\" alt=\"\ud83d\ude9a\" data-emoji=\"\ud83d\ude9a\" aria-label=\"\ud83d\ude9a\" \/> Livraison S\u00e9curis\u00e9e <strong>100% offerte<\/strong> France m\u00e9tropolitaine !<\/p>\n<div dir=\"auto\"><img decoding=\"async\" class=\"an1\" draggable=\"false\" src=\"https:\/\/fonts.gstatic.com\/s\/e\/notoemoji\/16.0\/1f3be\/32.png\" alt=\"\ud83c\udfbe\" data-emoji=\"\ud83c\udfbe\" aria-label=\"\ud83c\udfbe\" \/><img decoding=\"async\" class=\"an1\" draggable=\"false\" src=\"https:\/\/fonts.gstatic.com\/s\/e\/notoemoji\/16.0\/2705\/32.png\" alt=\"\u2705\" data-emoji=\"\u2705\" aria-label=\"\u2705\" \/> *PROJET \u00c9LIGIBLE SUBVENTION AADEV <strong>-50%<\/strong> !<\/div>\n<p>&nbsp;<\/p>\n","protected":false},"featured_media":7406,"comment_status":"open","ping_status":"closed","template":"","meta":{"_monsterinsights_skip_tracking":false,"_monsterinsights_sitenote_active":false,"_monsterinsights_sitenote_note":"","_monsterinsights_sitenote_category":0,"site-sidebar-layout":"default","site-content-layout":"default","ast-global-header-display":"","ast-main-header-display":"","ast-hfb-above-header-display":"","ast-hfb-below-header-display":"","ast-hfb-mobile-header-display":"","site-post-title":"","ast-breadcrumbs-content":"","ast-featured-img":"","footer-sml-layout":"","theme-transparent-header-meta":"default","adv-header-id-meta":"","stick-header-meta":"","header-above-stick-meta":"","header-main-stick-meta":"","header-below-stick-meta":""},"product_brand":[],"product_cat":[81,93],"product_tag":[],"class_list":{"0":"post-7504","1":"product","2":"type-product","3":"status-publish","4":"has-post-thumbnail","6":"product_cat-tennis","7":"product_cat-poubelle","8":"desktop-align-center","9":"tablet-align-left","10":"mobile-align-left","11":"fpd-variation-needed","13":"first","14":"instock","15":"sale","16":"taxable","17":"shipping-taxable","18":"purchasable","19":"product-type-simple"},"aioseo_notices":[],"_links":{"self":[{"href":"https:\/\/galaxybaril.com\/index.php\/wp-json\/wp\/v2\/product\/7504","targetHints":{"allow":["GET"]}}],"collection":[{"href":"https:\/\/galaxybaril.com\/index.php\/wp-json\/wp\/v2\/product"}],"about":[{"href":"https:\/\/galaxybaril.com\/index.php\/wp-json\/wp\/v2\/types\/product"}],"replies":[{"embeddable":true,"href":"https:\/\/galaxybaril.com\/index.php\/wp-json\/wp\/v2\/comments?post=7504"}],"version-history":[{"count":3,"href":"https:\/\/galaxybaril.com\/index.php\/wp-json\/wp\/v2\/product\/7504\/revisions"}],"predecessor-version":[{"id":7652,"href":"https:\/\/galaxybaril.com\/index.php\/wp-json\/wp\/v2\/product\/7504\/revisions\/7652"}],"wp:featuredmedia":[{"embeddable":true,"href":"https:\/\/galaxybaril.com\/index.php\/wp-json\/wp\/v2\/media\/7406"}],"wp:attachment":[{"href":"https:\/\/galaxybaril.com\/index.php\/wp-json\/wp\/v2\/media?parent=7504"}],"wp:term":[{"taxonomy":"product_brand","embeddable":true,"href":"https:\/\/galaxybaril.com\/index.php\/wp-json\/wp\/v2\/product_brand?post=7504"},{"taxonomy":"product_cat","embeddable":true,"href":"https:\/\/galaxybaril.com\/index.php\/wp-json\/wp\/v2\/product_cat?post=7504"},{"taxonomy":"product_tag","embeddable":true,"href":"https:\/\/galaxybaril.com\/index.php\/wp-json\/wp\/v2\/product_tag?post=7504"}],"curies":[{"name":"wp","href":"https:\/\/api.w.org\/{rel}","templated":true}]}}